{"id":157,"date":"2019-02-14T08:54:38","date_gmt":"2019-02-14T08:54:38","guid":{"rendered":"http:\/\/xn--gemtlichkeit-lauterbach-epc.de\/?page_id=157"},"modified":"2019-04-10T06:26:10","modified_gmt":"2019-04-10T06:26:10","slug":"vereinsfahne","status":"publish","type":"page","link":"https:\/\/xn--gemtlichkeit-lauterbach-epc.de\/?page_id=157","title":{"rendered":"Vereinsfahne"},"content":{"rendered":"\n<p>Seit Juni 1987 besitzt der Sch\u00fctzenverein eine Vereinsfahne. <\/p>\n\n\n\n<p>Die Vorderseite zeigt Kirche und Schlo\u00df von S\u00fcden gesehen. <\/p>\n\n\n\n<p>Die R\u00fcckseite zeigt ein Sch\u00fctzenpaar mit dem Vereinszeichen in der Mitte und darunter das Emblem des Bayer. Sportsch\u00fctzenbundes.<\/p>\n","protected":false},"excerpt":{"rendered":"<p>Seit Juni 1987 besitzt der Sch\u00fctzenverein eine Vereinsfahne. Die Vorderseite zeigt Kirche und Schlo\u00df von S\u00fcden gesehen. Die R\u00fcckseite zeigt ein Sch\u00fctzenpaar mit dem Vereinszeichen in der Mitte und darunter das Emblem des Bayer. Sportsch\u00fctzenbundes.<\/p>\n","protected":false},"author":1,"featured_media":0,"parent":0,"menu_order":0,"comment_status":"closed","ping_status":"closed","template":"","meta":{"footnotes":""},"class_list":["post-157","page","type-page","status-publish","hentry"],"_links":{"self":[{"href":"https:\/\/xn--gemtlichkeit-lauterbach-epc.de\/index.php?rest_route=\/wp\/v2\/pages\/157","targetHints":{"allow":["GET"]}}],"collection":[{"href":"https:\/\/xn--gemtlichkeit-lauterbach-epc.de\/index.php?rest_route=\/wp\/v2\/pages"}],"about":[{"href":"https:\/\/xn--gemtlichkeit-lauterbach-epc.de\/index.php?rest_route=\/wp\/v2\/types\/page"}],"author":[{"embeddable":true,"href":"https:\/\/xn--gemtlichkeit-lauterbach-epc.de\/index.php?rest_route=\/wp\/v2\/users\/1"}],"replies":[{"embeddable":true,"href":"https:\/\/xn--gemtlichkeit-lauterbach-epc.de\/index.php?rest_route=%2Fwp%2Fv2%2Fcomments&post=157"}],"version-history":[{"count":2,"href":"https:\/\/xn--gemtlichkeit-lauterbach-epc.de\/index.php?rest_route=\/wp\/v2\/pages\/157\/revisions"}],"predecessor-version":[{"id":341,"href":"https:\/\/xn--gemtlichkeit-lauterbach-epc.de\/index.php?rest_route=\/wp\/v2\/pages\/157\/revisions\/341"}],"wp:attachment":[{"href":"https:\/\/xn--gemtlichkeit-lauterbach-epc.de\/index.php?rest_route=%2Fwp%2Fv2%2Fmedia&parent=157"}],"curies":[{"name":"wp","href":"https:\/\/api.w.org\/{rel}","templated":true}]}}