{"id":206,"date":"2019-02-14T11:30:36","date_gmt":"2019-02-14T11:30:36","guid":{"rendered":"http:\/\/xn--gemtlichkeit-lauterbach-epc.de\/?page_id=206"},"modified":"2019-04-29T08:03:08","modified_gmt":"2019-04-29T08:03:08","slug":"kontakt","status":"publish","type":"page","link":"https:\/\/xn--gemtlichkeit-lauterbach-epc.de\/?page_id=206","title":{"rendered":"Kontakt"},"content":{"rendered":"\n<p><strong>Sch\u00fctzenverein &#8222;Gem\u00fctlichkeit&#8220; Lauterbach e. V.<\/strong> <br>1. Vorstand Christian Gro\u00df<br>E-Mail: <a href=\"Mailto:info@sch\u00fctzenverein-lauterbach.de\">info@gem\u00fctlichkeit-lauterbach.de<\/a><\/p>\n","protected":false},"excerpt":{"rendered":"<p>Sch\u00fctzenverein &#8222;Gem\u00fctlichkeit&#8220; Lauterbach e. V. 1. Vorstand Christian Gro\u00dfE-Mail: info@gem\u00fctlichkeit-lauterbach.de<\/p>\n","protected":false},"author":1,"featured_media":0,"parent":0,"menu_order":0,"comment_status":"closed","ping_status":"closed","template":"","meta":{"footnotes":""},"class_list":["post-206","page","type-page","status-publish","hentry"],"_links":{"self":[{"href":"https:\/\/xn--gemtlichkeit-lauterbach-epc.de\/index.php?rest_route=\/wp\/v2\/pages\/206","targetHints":{"allow":["GET"]}}],"collection":[{"href":"https:\/\/xn--gemtlichkeit-lauterbach-epc.de\/index.php?rest_route=\/wp\/v2\/pages"}],"about":[{"href":"https:\/\/xn--gemtlichkeit-lauterbach-epc.de\/index.php?rest_route=\/wp\/v2\/types\/page"}],"author":[{"embeddable":true,"href":"https:\/\/xn--gemtlichkeit-lauterbach-epc.de\/index.php?rest_route=\/wp\/v2\/users\/1"}],"replies":[{"embeddable":true,"href":"https:\/\/xn--gemtlichkeit-lauterbach-epc.de\/index.php?rest_route=%2Fwp%2Fv2%2Fcomments&post=206"}],"version-history":[{"count":4,"href":"https:\/\/xn--gemtlichkeit-lauterbach-epc.de\/index.php?rest_route=\/wp\/v2\/pages\/206\/revisions"}],"predecessor-version":[{"id":394,"href":"https:\/\/xn--gemtlichkeit-lauterbach-epc.de\/index.php?rest_route=\/wp\/v2\/pages\/206\/revisions\/394"}],"wp:attachment":[{"href":"https:\/\/xn--gemtlichkeit-lauterbach-epc.de\/index.php?rest_route=%2Fwp%2Fv2%2Fmedia&parent=206"}],"curies":[{"name":"wp","href":"https:\/\/api.w.org\/{rel}","templated":true}]}}