{"id":41,"date":"2019-02-13T10:23:42","date_gmt":"2019-02-13T10:23:42","guid":{"rendered":"http:\/\/xn--gemtlichkeit-lauterbach-epc.de\/?page_id=41"},"modified":"2019-04-10T16:33:11","modified_gmt":"2019-04-10T16:33:11","slug":"chronik","status":"publish","type":"page","link":"https:\/\/xn--gemtlichkeit-lauterbach-epc.de\/?page_id=41","title":{"rendered":"Chronik"},"content":{"rendered":"\n<p>Erste nachgewiesene Sch\u00fctzent\u00e4tigkeit in Lauterbach durch eine Hochzeitsscheibe von 1856. <br><br>Nachweis der Sch\u00fctzent\u00e4tigkeit durch zwei weitere alte Scheiben aus dem Jahre 1920 und 1938. <br><br>Wiedergr\u00fcndung des Vereins am 27.10.1951 im Gasthaus Haas durch 33 Lauterbacher B\u00fcrger. <br><br>Gesellschaftliches Schie\u00dfen auf einem Stand in der Wirtsstube bis 1964. <br> <br>Bau von 2 St\u00e4nden 1964 und Anmeldung zum Rundenwettkampf 1966\/67.<br><br>Neubau des Wirtshauses 1968 und damit auch Bau von 5 elektrischen Zugseilschie\u00dfst\u00e4nden.<br><br>Wiederbeschaffung einer Sch\u00fctzenkette 1980 mit r\u00fcckwirkend gespendeten Talern bis 1964.<br><br>Erweiterung des Schie\u00dfstandes um 5 Zugseilst\u00e4nde von August bis September 1983.<br><br>Anschaffung einer Jugendkette im Jahre 1984.<br><br>Beschaffung einer Vereinsfahne und Fahnenweihe im Juni 1987 mit ca. 2500 G\u00e4sten.<br><br>Feier zur 40-j\u00e4hrigen Wiedergr\u00fcndung des Vereins am 16.06.1991 und taggenau auch der Aufstieg der ersten Luftgewehrmannschaft in die Bezirksliga.<br><br>Erweiterung des Schie\u00dfstandes mit einem Umkleideraum durch Ausbau des Eingangs 1995.<br><br>Gr\u00fcndung der B\u00f6llersch\u00fctzenabteilung am 01.01.1995.<br><br>Ausbau eines Kellerraums als Aufenthaltsraum im Jahr 1997.<br><br>Am 09.07.2000 feierte die B\u00f6llersch\u00fctzenabteilung ihr 5-j\u00e4hriges Gr\u00fcndungsfest.<br><\/p>\n\n\n\n<p>Feier zum 150-j\u00e4hrigem Vereinsjubil\u00e4um mit Patenverein und allen Lauterbacher Vereinen 2006.<br><br>2016 und 2017 startete die 1. Luftpistolen Auflage-Mannschaft \u00a0bei der deutschen Meisterschaft in Hannover.<br><br>Umbau des Schie\u00dfstandes auf eine elektronische Scheibenauswertung von April bis Oktober 2017<br><\/p>\n\n\n\n<p>Es nehmen derzeit 4 Mannschaften sehr erfolgreich an Rundenwettk\u00e4mpfen teil.<br><br>Eine Mannschaft LG-Jugend (Jugendrunde), eine Mannschaft LG (Gauoberliga), eine Mannschaft LP-Auflage (Gauliga) und eine Mannschaft LG-Auflage (Gauliga).<br><br>Aktuell hat unser Verein ca. 150 Mitglieder\u2026..und wir freuen uns auf weitere!<\/p>\n\n\n\n<div class=\"wp-block-image\"><figure class=\"aligncenter is-resized\"><img loading=\"lazy\" decoding=\"async\" src=\"https:\/\/xn--gemtlichkeit-lauterbach-epc.de\/wp-content\/uploads\/2019\/02\/Scheibe-klein.png\" alt=\"\" class=\"wp-image-272\" width=\"387\" height=\"389\" srcset=\"https:\/\/xn--gemtlichkeit-lauterbach-epc.de\/wp-content\/uploads\/2019\/02\/Scheibe-klein.png 774w, https:\/\/xn--gemtlichkeit-lauterbach-epc.de\/wp-content\/uploads\/2019\/02\/Scheibe-klein-150x150.png 150w, https:\/\/xn--gemtlichkeit-lauterbach-epc.de\/wp-content\/uploads\/2019\/02\/Scheibe-klein-768x771.png 768w\" sizes=\"auto, (max-width: 387px) 100vw, 387px\" \/><figcaption>Ehrenscheibe<\/figcaption><\/figure><\/div>\n","protected":false},"excerpt":{"rendered":"<p>Erste nachgewiesene Sch\u00fctzent\u00e4tigkeit in Lauterbach durch eine Hochzeitsscheibe von 1856. Nachweis der Sch\u00fctzent\u00e4tigkeit durch zwei weitere alte Scheiben aus dem Jahre 1920 und 1938. Wiedergr\u00fcndung des Vereins am 27.10.1951 im Gasthaus Haas durch 33 Lauterbacher B\u00fcrger. Gesellschaftliches Schie\u00dfen auf einem Stand in der Wirtsstube bis 1964. Bau von 2 St\u00e4nden 1964 und Anmeldung zum Rundenwettkampf&hellip;<\/p>\n","protected":false},"author":1,"featured_media":0,"parent":0,"menu_order":0,"comment_status":"closed","ping_status":"closed","template":"","meta":{"footnotes":""},"class_list":["post-41","page","type-page","status-publish","hentry"],"_links":{"self":[{"href":"https:\/\/xn--gemtlichkeit-lauterbach-epc.de\/index.php?rest_route=\/wp\/v2\/pages\/41","targetHints":{"allow":["GET"]}}],"collection":[{"href":"https:\/\/xn--gemtlichkeit-lauterbach-epc.de\/index.php?rest_route=\/wp\/v2\/pages"}],"about":[{"href":"https:\/\/xn--gemtlichkeit-lauterbach-epc.de\/index.php?rest_route=\/wp\/v2\/types\/page"}],"author":[{"embeddable":true,"href":"https:\/\/xn--gemtlichkeit-lauterbach-epc.de\/index.php?rest_route=\/wp\/v2\/users\/1"}],"replies":[{"embeddable":true,"href":"https:\/\/xn--gemtlichkeit-lauterbach-epc.de\/index.php?rest_route=%2Fwp%2Fv2%2Fcomments&post=41"}],"version-history":[{"count":15,"href":"https:\/\/xn--gemtlichkeit-lauterbach-epc.de\/index.php?rest_route=\/wp\/v2\/pages\/41\/revisions"}],"predecessor-version":[{"id":383,"href":"https:\/\/xn--gemtlichkeit-lauterbach-epc.de\/index.php?rest_route=\/wp\/v2\/pages\/41\/revisions\/383"}],"wp:attachment":[{"href":"https:\/\/xn--gemtlichkeit-lauterbach-epc.de\/index.php?rest_route=%2Fwp%2Fv2%2Fmedia&parent=41"}],"curies":[{"name":"wp","href":"https:\/\/api.w.org\/{rel}","templated":true}]}}