{"id":43,"date":"2019-02-13T10:23:59","date_gmt":"2019-02-13T10:23:59","guid":{"rendered":"http:\/\/xn--gemtlichkeit-lauterbach-epc.de\/?page_id=43"},"modified":"2024-10-23T06:38:33","modified_gmt":"2024-10-23T06:38:33","slug":"vorstandschaft","status":"publish","type":"page","link":"https:\/\/xn--gemtlichkeit-lauterbach-epc.de\/?page_id=43","title":{"rendered":"Vorstandschaft"},"content":{"rendered":"\n<p><strong>Vorstandschaft 2024 bis 202<\/strong>7<\/p>\n\n\n\n<figure class=\"wp-block-table\"><table><tbody><tr><td>1. Vorstand<\/td><td>Christian Gro\u00df<\/td><td><\/td><\/tr><tr><td>2. Vorstand<\/td><td>Gerhard Haas<\/td><td><\/td><\/tr><tr><td>1. Sportleiter<\/td><td>Markus Fischbacher<\/td><td><\/td><\/tr><tr><td>2. Sportleiter<\/td><td>Johann Dexl jun.<\/td><td><\/td><\/tr><tr><td>3. Sportleiter<\/td><td>Markus Resch<\/td><td><\/td><\/tr><tr><td>1. Jugendleiter<\/td><td>Kilian Gro\u00df<\/td><td><\/td><\/tr><tr><td>2. Jugendleiter<\/td><td>Fabian K\u00f6lbl<\/td><td><\/td><\/tr><tr><td>1. Kassier<\/td><td>Jenny Rumrich<\/td><td><\/td><\/tr><tr><td>2. Kassier<\/td><td>Markus Resch<\/td><td><\/td><\/tr><tr><td>Pistolenreferent<\/td><td>Johann Linderm\u00fcller<\/td><td><\/td><\/tr><tr><td>Schriftf\u00fchrerin<\/td><td>Tanja Linderm\u00fcller<\/td><td><\/td><\/tr><tr><td>Beisitzer<\/td><td>Jakob Sailer, Quirin Gro\u00df, Wolfgang Melzer<\/td><td><\/td><\/tr><\/tbody><\/table><\/figure>\n\n\n\n<p><\/p>\n","protected":false},"excerpt":{"rendered":"<p>Vorstandschaft 2024 bis 2027 1. Vorstand Christian Gro\u00df 2. Vorstand Gerhard Haas 1. Sportleiter Markus Fischbacher 2. Sportleiter Johann Dexl jun. 3. Sportleiter Markus Resch 1. Jugendleiter Kilian Gro\u00df 2. Jugendleiter Fabian K\u00f6lbl 1. Kassier Jenny Rumrich 2. Kassier Markus Resch Pistolenreferent Johann Linderm\u00fcller Schriftf\u00fchrerin Tanja Linderm\u00fcller Beisitzer Jakob Sailer, Quirin Gro\u00df, Wolfgang Melzer<\/p>\n","protected":false},"author":1,"featured_media":0,"parent":0,"menu_order":0,"comment_status":"closed","ping_status":"closed","template":"","meta":{"footnotes":""},"class_list":["post-43","page","type-page","status-publish","hentry"],"_links":{"self":[{"href":"https:\/\/xn--gemtlichkeit-lauterbach-epc.de\/index.php?rest_route=\/wp\/v2\/pages\/43","targetHints":{"allow":["GET"]}}],"collection":[{"href":"https:\/\/xn--gemtlichkeit-lauterbach-epc.de\/index.php?rest_route=\/wp\/v2\/pages"}],"about":[{"href":"https:\/\/xn--gemtlichkeit-lauterbach-epc.de\/index.php?rest_route=\/wp\/v2\/types\/page"}],"author":[{"embeddable":true,"href":"https:\/\/xn--gemtlichkeit-lauterbach-epc.de\/index.php?rest_route=\/wp\/v2\/users\/1"}],"replies":[{"embeddable":true,"href":"https:\/\/xn--gemtlichkeit-lauterbach-epc.de\/index.php?rest_route=%2Fwp%2Fv2%2Fcomments&post=43"}],"version-history":[{"count":13,"href":"https:\/\/xn--gemtlichkeit-lauterbach-epc.de\/index.php?rest_route=\/wp\/v2\/pages\/43\/revisions"}],"predecessor-version":[{"id":946,"href":"https:\/\/xn--gemtlichkeit-lauterbach-epc.de\/index.php?rest_route=\/wp\/v2\/pages\/43\/revisions\/946"}],"wp:attachment":[{"href":"https:\/\/xn--gemtlichkeit-lauterbach-epc.de\/index.php?rest_route=%2Fwp%2Fv2%2Fmedia&parent=43"}],"curies":[{"name":"wp","href":"https:\/\/api.w.org\/{rel}","templated":true}]}}