{"id":53,"date":"2019-02-13T10:25:32","date_gmt":"2019-02-13T10:25:32","guid":{"rendered":"http:\/\/xn--gemtlichkeit-lauterbach-epc.de\/?page_id=53"},"modified":"2025-04-09T08:18:17","modified_gmt":"2025-04-09T08:18:17","slug":"schuetzenkoenige","status":"publish","type":"page","link":"https:\/\/xn--gemtlichkeit-lauterbach-epc.de\/?page_id=53","title":{"rendered":"Sch\u00fctzenk\u00f6nige"},"content":{"rendered":"\n<p><strong>Sch\u00fctzenk\u00f6nige 2025<br><\/strong>Sch\u00fcler\/Jugend: Josefine Resch<br>Luftpistole: Hubert Lindinger<br>Luftgewehr Auflage: Renate Lindinger<br>Luftgewehr (frei): Christian Gro\u00df<br>Mit auf dem Foto ist Gau- und Bezirkssch\u00fctzenmeister Alfred Reiner.<\/p>\n\n\n\n<figure class=\"wp-block-image size-large\"><img loading=\"lazy\" decoding=\"async\" width=\"1024\" height=\"996\" src=\"https:\/\/xn--gemtlichkeit-lauterbach-epc.de\/wp-content\/uploads\/2025\/04\/Koenige-1024x996.jpg\" alt=\"\" class=\"wp-image-967\" srcset=\"https:\/\/xn--gemtlichkeit-lauterbach-epc.de\/wp-content\/uploads\/2025\/04\/Koenige-1024x996.jpg 1024w, https:\/\/xn--gemtlichkeit-lauterbach-epc.de\/wp-content\/uploads\/2025\/04\/Koenige-300x292.jpg 300w, https:\/\/xn--gemtlichkeit-lauterbach-epc.de\/wp-content\/uploads\/2025\/04\/Koenige-768x747.jpg 768w, https:\/\/xn--gemtlichkeit-lauterbach-epc.de\/wp-content\/uploads\/2025\/04\/Koenige-1536x1494.jpg 1536w, https:\/\/xn--gemtlichkeit-lauterbach-epc.de\/wp-content\/uploads\/2025\/04\/Koenige-2048x1992.jpg 2048w\" sizes=\"auto, (max-width: 1024px) 100vw, 1024px\" \/><\/figure>\n","protected":false},"excerpt":{"rendered":"<p>Sch\u00fctzenk\u00f6nige 2025Sch\u00fcler\/Jugend: Josefine ReschLuftpistole: Hubert LindingerLuftgewehr Auflage: Renate LindingerLuftgewehr (frei): Christian Gro\u00dfMit auf dem Foto ist Gau- und Bezirkssch\u00fctzenmeister Alfred Reiner.<\/p>\n","protected":false},"author":1,"featured_media":0,"parent":0,"menu_order":0,"comment_status":"closed","ping_status":"closed","template":"","meta":{"footnotes":""},"class_list":["post-53","page","type-page","status-publish","hentry"],"_links":{"self":[{"href":"https:\/\/xn--gemtlichkeit-lauterbach-epc.de\/index.php?rest_route=\/wp\/v2\/pages\/53","targetHints":{"allow":["GET"]}}],"collection":[{"href":"https:\/\/xn--gemtlichkeit-lauterbach-epc.de\/index.php?rest_route=\/wp\/v2\/pages"}],"about":[{"href":"https:\/\/xn--gemtlichkeit-lauterbach-epc.de\/index.php?rest_route=\/wp\/v2\/types\/page"}],"author":[{"embeddable":true,"href":"https:\/\/xn--gemtlichkeit-lauterbach-epc.de\/index.php?rest_route=\/wp\/v2\/users\/1"}],"replies":[{"embeddable":true,"href":"https:\/\/xn--gemtlichkeit-lauterbach-epc.de\/index.php?rest_route=%2Fwp%2Fv2%2Fcomments&post=53"}],"version-history":[{"count":18,"href":"https:\/\/xn--gemtlichkeit-lauterbach-epc.de\/index.php?rest_route=\/wp\/v2\/pages\/53\/revisions"}],"predecessor-version":[{"id":970,"href":"https:\/\/xn--gemtlichkeit-lauterbach-epc.de\/index.php?rest_route=\/wp\/v2\/pages\/53\/revisions\/970"}],"wp:attachment":[{"href":"https:\/\/xn--gemtlichkeit-lauterbach-epc.de\/index.php?rest_route=%2Fwp%2Fv2%2Fmedia&parent=53"}],"curies":[{"name":"wp","href":"https:\/\/api.w.org\/{rel}","templated":true}]}}