{"id":65,"date":"2019-02-13T10:32:01","date_gmt":"2019-02-13T10:32:01","guid":{"rendered":"http:\/\/xn--gemtlichkeit-lauterbach-epc.de\/?page_id=65"},"modified":"2019-02-15T10:33:37","modified_gmt":"2019-02-15T10:33:37","slug":"chronik-boellerschuetzen","status":"publish","type":"page","link":"https:\/\/xn--gemtlichkeit-lauterbach-epc.de\/?page_id=65","title":{"rendered":"Chronik B\u00f6llersch\u00fctzen"},"content":{"rendered":"\n<p>Durch die gro\u00dfe Initiative einiger Personen aus Lauterbach und Palsweis wurde zum 01.01.1995 eine B\u00f6ller-Abteilung im Sch\u00fctzenverein &#8222;Gem\u00fctlichkeit&#8220; Lauterbach gegr\u00fcndet. <br>Da ein B\u00f6llerverein Tradition und Brauchtum weiter Pflegen sollte, wurde eine Vereinssatzung erstellt, in der alle Richtlinien festgehalten sind. <br>Die B\u00f6ller-Abteilung wurde nach der Gr\u00fcndung an das Landratsamt Dachau und an den Sch\u00fctzenbezirk Oberbayern (B\u00f6llersch\u00fctzen) gemeldet. <\/p>\n\n\n\n<p>1995 waren es 8 Gr\u00fcndungsmitglieder, die das B\u00f6llerschie\u00dfen ausf\u00fchrten. Die Mitgliederzahl stieg bis 2001 auf 14 Mitglieder an. Damit man mit einem B\u00f6ller schie\u00dfen darf, muss man eine schriftliche und praktische Pr\u00fcfung ablegen. Es ist auch ein Bed\u00fcrfnis nachzuweisen. <br><br>Die B\u00f6ller-Abteilung besitzt seit 2000 die \u00fcber\u00f6rtliche Schie\u00dferlaubnis f\u00fcr Oberbayern. <br><\/p>\n\n\n\n<p>Seit 1995 h\u00e4lt die B\u00f6ller-Abteilung jedes Jahr ein Weihnachtsschie\u00dfen am Bolzplatz in Lauterbach ab. <br><br>Ein H\u00f6hepunkt der B\u00f6llersch\u00fctzen war das 5-j\u00e4hrige Gr\u00fcndungsfest im Juni 2000, an dem die Ortsvereine und 6 B\u00f6llervereine eingeladen waren. Am Platzschie\u00dfen nahmen 55 B\u00f6llersch\u00fctzen teil. <\/p>\n","protected":false},"excerpt":{"rendered":"<p>Durch die gro\u00dfe Initiative einiger Personen aus Lauterbach und Palsweis wurde zum 01.01.1995 eine B\u00f6ller-Abteilung im Sch\u00fctzenverein &#8222;Gem\u00fctlichkeit&#8220; Lauterbach gegr\u00fcndet. Da ein B\u00f6llerverein Tradition und Brauchtum weiter Pflegen sollte, wurde eine Vereinssatzung erstellt, in der alle Richtlinien festgehalten sind. Die B\u00f6ller-Abteilung wurde nach der Gr\u00fcndung an das Landratsamt Dachau und an den Sch\u00fctzenbezirk Oberbayern (B\u00f6llersch\u00fctzen)&hellip;<\/p>\n","protected":false},"author":1,"featured_media":0,"parent":0,"menu_order":0,"comment_status":"closed","ping_status":"closed","template":"","meta":{"footnotes":""},"class_list":["post-65","page","type-page","status-publish","hentry"],"_links":{"self":[{"href":"https:\/\/xn--gemtlichkeit-lauterbach-epc.de\/index.php?rest_route=\/wp\/v2\/pages\/65","targetHints":{"allow":["GET"]}}],"collection":[{"href":"https:\/\/xn--gemtlichkeit-lauterbach-epc.de\/index.php?rest_route=\/wp\/v2\/pages"}],"about":[{"href":"https:\/\/xn--gemtlichkeit-lauterbach-epc.de\/index.php?rest_route=\/wp\/v2\/types\/page"}],"author":[{"embeddable":true,"href":"https:\/\/xn--gemtlichkeit-lauterbach-epc.de\/index.php?rest_route=\/wp\/v2\/users\/1"}],"replies":[{"embeddable":true,"href":"https:\/\/xn--gemtlichkeit-lauterbach-epc.de\/index.php?rest_route=%2Fwp%2Fv2%2Fcomments&post=65"}],"version-history":[{"count":3,"href":"https:\/\/xn--gemtlichkeit-lauterbach-epc.de\/index.php?rest_route=\/wp\/v2\/pages\/65\/revisions"}],"predecessor-version":[{"id":255,"href":"https:\/\/xn--gemtlichkeit-lauterbach-epc.de\/index.php?rest_route=\/wp\/v2\/pages\/65\/revisions\/255"}],"wp:attachment":[{"href":"https:\/\/xn--gemtlichkeit-lauterbach-epc.de\/index.php?rest_route=%2Fwp%2Fv2%2Fmedia&parent=65"}],"curies":[{"name":"wp","href":"https:\/\/api.w.org\/{rel}","templated":true}]}}